{"id":2,"date":"2024-03-28T00:42:13","date_gmt":"2024-03-27T23:42:13","guid":{"rendered":"https:\/\/aimamia.com\/?page_id=2"},"modified":"2024-04-23T07:45:35","modified_gmt":"2024-04-23T12:45:35","slug":"pagina-ejemplo","status":"publish","type":"page","link":"https:\/\/aimamia.com\/?page_id=2","title":{"rendered":"Nosotros"},"content":{"rendered":"\n<p>Hemos nacido en el Tequendama Panxe a las faldas del antiqu\u00edsimo Bosque de Niebla y en el borde caliente de la vieja frontera que sol\u00eda dividir a los pr\u00f3speros Muiscas de los fieros Panxes. Aunque los Panxes dieron la lucha, fueron derrotados y terminaron siendo exterminados y,  la historia, tanto la real como la contada, se decidi\u00f3 en su contra: Hoy solo quedan algunos glifos y apenas siete palabras de su lengua. <\/p>\n\n\n\n<p>En toda esta zona en la que la geograf\u00eda parece viajar hacia el atardecer ellos dejaron una historia que podemos seguir a traves de los nombres de pueblo. Sabemos de una serie de personas que eran jefes panxes, que sus nombres se volvieron el nombre de estos pueblos y que a su vez esos pueblos tomaron su nombre, porque en todas las historias hay una ida y una vuelta y a veces parece que no somos diferentes del lugar que habitamos. <\/p>\n\n\n\n<p>As\u00ed, AIMA es la palabra Panxe que viene a significar \u00abTierra de\u00bb que, para poner el ejemplo, en el caso de CALANDAIMA viene desde el pasado a decirnos que esa era la Tierra de Cal\u00e1n o algo as\u00ed, aproximado, mirado de lejos. Juega a encontrar en nuestro mapa y ponle el aima a la Tierra de Anol, Toca, Nataga, Noca o Bitu y veras como hacemos memoria. A veces nuestra forma de permanecer es hacer que nuestro nombre sea la identidad de los que transformaron y sobrevivieron.<\/p>\n\n\n\n<p>Como somos mezcla, nos dio por nombrarnos A\u00ccMAM\u00cdA, una palabra que suma lo que fuimos y en lo que nos convertimos: Un nombre mestizo, que tambi\u00e9n puede leerse al reves, para simbolizar el equilibrio que buscamos y promovemos.\u00a0<\/p>\n\n\n\n<p>Esta es A\u00ccMAM\u00cdA y significa \u201cMI TIERRA\u201d.&nbsp;<\/p>\n\n\n\n<p>\u00a1Nuestra propuesta es para que conozcas todo lo que hay aqu\u00ed, nos permitas darte la bienvenida y, si te suena, nos ayudes a convertirla en NUESTRA TIERRA!       <\/p>\n\n\n\n<p><\/p>\n\n\n\n<figure class=\"wp-block-image size-large\"><img loading=\"lazy\" decoding=\"async\" width=\"1024\" height=\"603\" src=\"https:\/\/aimamia.com\/wp-content\/uploads\/2024\/04\/IMG_20230611_181707-EDIT-1024x603.jpg\" alt=\"\" class=\"wp-image-30\" srcset=\"https:\/\/aimamia.com\/wp-content\/uploads\/2024\/04\/IMG_20230611_181707-EDIT-1024x603.jpg 1024w, https:\/\/aimamia.com\/wp-content\/uploads\/2024\/04\/IMG_20230611_181707-EDIT-300x177.jpg 300w, https:\/\/aimamia.com\/wp-content\/uploads\/2024\/04\/IMG_20230611_181707-EDIT-768x453.jpg 768w, https:\/\/aimamia.com\/wp-content\/uploads\/2024\/04\/IMG_20230611_181707-EDIT.jpg 1081w\" sizes=\"auto, (max-width: 1024px) 100vw, 1024px\" \/><\/figure>\n\n\n\n<p class=\"has-text-align-center\"><strong>\u00bfTe suena un cafecito con atardecer<\/strong>?<\/p>\n","protected":false},"excerpt":{"rendered":"<p>Hemos nacido en el Tequendama Panxe a las faldas del antiqu\u00edsimo Bosque de Niebla y en el borde caliente de la vieja frontera que sol\u00eda dividir a los pr\u00f3speros Muiscas de los fieros Panxes. Aunque los Panxes dieron la lucha, fueron derrotados y terminaron siendo exterminados y, la historia, tanto la real como la contada, [&hellip;]<\/p>\n","protected":false},"author":1,"featured_media":49,"parent":0,"menu_order":0,"comment_status":"closed","ping_status":"open","template":"","meta":{"footnotes":""},"class_list":["post-2","page","type-page","status-publish","has-post-thumbnail","hentry"],"_links":{"self":[{"href":"https:\/\/aimamia.com\/index.php?rest_route=\/wp\/v2\/pages\/2","targetHints":{"allow":["GET"]}}],"collection":[{"href":"https:\/\/aimamia.com\/index.php?rest_route=\/wp\/v2\/pages"}],"about":[{"href":"https:\/\/aimamia.com\/index.php?rest_route=\/wp\/v2\/types\/page"}],"author":[{"embeddable":true,"href":"https:\/\/aimamia.com\/index.php?rest_route=\/wp\/v2\/users\/1"}],"replies":[{"embeddable":true,"href":"https:\/\/aimamia.com\/index.php?rest_route=%2Fwp%2Fv2%2Fcomments&post=2"}],"version-history":[{"count":5,"href":"https:\/\/aimamia.com\/index.php?rest_route=\/wp\/v2\/pages\/2\/revisions"}],"predecessor-version":[{"id":51,"href":"https:\/\/aimamia.com\/index.php?rest_route=\/wp\/v2\/pages\/2\/revisions\/51"}],"wp:featuredmedia":[{"embeddable":true,"href":"https:\/\/aimamia.com\/index.php?rest_route=\/wp\/v2\/media\/49"}],"wp:attachment":[{"href":"https:\/\/aimamia.com\/index.php?rest_route=%2Fwp%2Fv2%2Fmedia&parent=2"}],"curies":[{"name":"wp","href":"https:\/\/api.w.org\/{rel}","templated":true}]}}